{"id":9099,"date":"2019-04-03T10:21:56","date_gmt":"2019-04-03T08:21:56","guid":{"rendered":"https:\/\/www.myweedo.de\/gruene-seiten\/?page_id=9099"},"modified":"2022-12-06T13:47:59","modified_gmt":"2022-12-06T12:47:59","slug":"wir-suchen-dich-dein-erfahrungsbericht-auf-myweedo-de","status":"publish","type":"page","link":"https:\/\/www.myweedo.de\/gruene-seiten\/wir-suchen-dich-dein-erfahrungsbericht-auf-myweedo-de\/","title":{"rendered":"Wir suchen Dich! Dein Erfahrungsbericht auf myweedo.de"},"content":{"rendered":"\r\n<figure class=\"wp-block-image is-resized\"><img loading=\"lazy\" src=\"https:\/\/www.myweedo.de\/gruene-seiten\/wp-content\/uploads\/2022\/12\/Weedo-Logo-2022.png\" alt=\"\" class=\"wp-image-8589\" width=\"144\" height=\"144\"\/><\/figure>\r\n\r\n\r\n\r\n<h2 id=\"h-wir-suchen-dich-dein-erfahrungsbericht-auf-myweedo-de\">Wir suchen Dich! Dein Erfahrungsbericht auf myweedo.de<\/h2>\r\n\r\n\r\n\r\n<h3 id=\"h-so-einfach-werdet-ihr-weedo-gastautor\">So einfach werdet ihr Weedo-Gastautor:<\/h3>\r\n\r\n\r\n\r\n<p>Ihr wolltet schon immer eure Erfahrung bez\u00fcglich Cannabis,\r\nHanf und Superfood oder einfach eure Rezepte teilen? Dann habt ihr jetzt die\r\nM\u00f6glichkeit dazu! Eine langj\u00e4hrige Cannabis-Therapie, die pers\u00f6nliche Erfahrung\r\nmit CBD oder ein super leckeres Rezept \u2013 schickt uns eure Erfahrungsberichte!<\/p>\r\n\r\n\r\n\r\n<p>Was auch immer euch bewegt, teilt eure pers\u00f6nliche Geschichte nicht nur mit euren Freunden, sondern mit ganz Deutschland! Unsere Themen reichen von Politik, Forschung und Gesundheit bis hin zu Interviews, Reisen, Lifestyle, Ratgeber und Rezepten. Wir wollen gemeinsam mit euch der Hanfpflanze ein neues Gesicht geben. Eure pers\u00f6nlichen Erfahrungen k\u00f6nnen eine gro\u00dfe Bereicherung f\u00fcr eure Mitmenschen sein! Von euch f\u00fcr euch!<\/p>\r\n\r\n\r\n\r\n<h3 id=\"h-wir-unterst-tzen-euch\">Wir unterst\u00fctzen euch!<\/h3>\r\n\r\n\r\n\r\n<p>Das Weedo Redaktionsteam unterst\u00fctzt euch nat\u00fcrlich gerne bei der Umsetzung und steht f\u00fcr Fragen oder Probleme jederzeit zur Verf\u00fcgung. Schickt euren Bericht an <a href=\"mailto:info@myweedo.de\">info@myweedo.de<\/a>. Wir lesen und pr\u00fcfen jeden Bericht und melden uns umgehend zur\u00fcck. \u00a0Inhaltliche \u00c4nderungen nehmen wir nur nach Absprache vor, Rechtschreibung und Grammatik werden von unseren Autoren verbessert. \u00dcber Bildmaterial zu eurer Erfahrung freuen wir uns ebenfalls.<\/p>\r\n\r\n\r\n\r\n<h3 id=\"h-hier-ein-paar-unserer-erfahrungsberichte\">Hier ein paar unserer Erfahrungsberichte:<\/h3>\r\n\r\n\r\n\r\n<figure class=\"wp-block-embed-wordpress wp-block-embed is-type-wp-embed is-provider-weedo\"><div class=\"wp-block-embed__wrapper\">\r\n<blockquote class=\"wp-embedded-content\" data-secret=\"FHjwZbYSSM\"><a href=\"https:\/\/www.myweedo.de\/gruene-seiten\/gesundheit\/erfahrungsbericht-cannabis-rezept-krankenkasse\/\">Erfahrungsbericht: \u201eCannabis auf Rezept ist nicht gleich Kosten\u00fcbernahme durch die Krankenkasse\u201c<\/a><\/blockquote><iframe class=\"wp-embedded-content\" sandbox=\"allow-scripts\" security=\"restricted\" style=\"position: absolute; clip: rect(1px, 1px, 1px, 1px);\" title=\"&#8222;Erfahrungsbericht: \u201eCannabis auf Rezept ist nicht gleich Kosten\u00fcbernahme durch die Krankenkasse\u201c&#8220; &#8212; Weedo\" src=\"https:\/\/www.myweedo.de\/gruene-seiten\/gesundheit\/erfahrungsbericht-cannabis-rezept-krankenkasse\/embed\/#?secret=h6CoiAiNmc#?secret=FHjwZbYSSM\" data-secret=\"FHjwZbYSSM\" width=\"600\" height=\"338\" frameborder=\"0\" marginwidth=\"0\" marginheight=\"0\" scrolling=\"no\"><\/iframe>\r\n<\/div><\/figure>\r\n\r\n\r\n\r\n<figure class=\"wp-block-embed-wordpress wp-block-embed is-type-wp-embed is-provider-weedo\"><div class=\"wp-block-embed__wrapper\">\r\n<blockquote class=\"wp-embedded-content\" data-secret=\"Mp2h00owZI\"><a href=\"https:\/\/www.myweedo.de\/gruene-seiten\/gesundheit\/rauchen-aufhoeren-cbd-phenopen-erfahrungsbericht\/\">Erfahrungsbericht: Rauchen aufh\u00f6ren mit CBD durch den PhenoPen<\/a><\/blockquote><iframe class=\"wp-embedded-content\" sandbox=\"allow-scripts\" security=\"restricted\" style=\"position: absolute; clip: rect(1px, 1px, 1px, 1px);\" title=\"&#8222;Erfahrungsbericht: Rauchen aufh\u00f6ren mit CBD durch den PhenoPen&#8220; &#8212; Weedo\" src=\"https:\/\/www.myweedo.de\/gruene-seiten\/gesundheit\/rauchen-aufhoeren-cbd-phenopen-erfahrungsbericht\/embed\/#?secret=hVGRMRlq5j#?secret=Mp2h00owZI\" data-secret=\"Mp2h00owZI\" width=\"600\" height=\"338\" frameborder=\"0\" marginwidth=\"0\" marginheight=\"0\" scrolling=\"no\"><\/iframe>\r\n<\/div><\/figure>\r\n\r\n\r\n\r\n\n\t\t\t<!-- START Weedo Shop REVOLUTION SLIDER 6.5.6 --><p class=\"rs-p-wp-fix\"><\/p>\n\t\t\t<rs-module-wrap id=\"rev_slider_2_1_wrapper\" data-source=\"gallery\" style=\"visibility:hidden;background:transparent;padding:0;margin:0px auto;margin-top:20;margin-bottom:20;max-width:;\">\n\t\t\t\t<rs-module id=\"rev_slider_2_1\" style=\"\" data-version=\"6.5.6\">\n\t\t\t\t\t<rs-slides>\n\t\t\t\t\t\t<rs-slide style=\"position: absolute;\" data-key=\"rs-153\" data-title=\"Slide\" data-link=\"\/\/hempcrew.de\/produkte\/wirkkosmetik\/?utm_source=weedomagazin&utm_medium=slider&utm_campaign=sportgele\" data-target=\"_self\" data-seoz=\"front\" data-duration=\"5000ms\" data-anim=\"ms:300;\" data-in=\"o:0;\" data-out=\"a:false;\">\n\t\t\t\t\t\t\t<img src=\"\/\/www.myweedo.de\/gruene-seiten\/wp-content\/plugins\/revslider\/public\/assets\/assets\/dummy.png\" alt=\"CBD Sportgele\" title=\"Werbebanner-sportgele\" width=\"1024\" height=\"495\" class=\"rev-slidebg tp-rs-img rs-lazyload\" data-lazyload=\"\/\/www.myweedo.de\/gruene-seiten\/wp-content\/uploads\/2017\/12\/Werbebanner-sportgele.jpg\" data-parallax=\"off\" data-no-retina>\n<!---->\t\t\t\t\t\t<\/rs-slide>\n\t\t\t\t\t\t<rs-slide style=\"position: absolute;\" data-key=\"rs-172\" data-title=\"Slide\" data-link=\"\/\/holy-hemp.de?utm_source=weedomagazin&utm_medium=banner&utm_campaign=cannabissamen\" data-target=\"_self\" data-seoz=\"front\" data-duration=\"5000ms\" data-anim=\"ms:300;\" data-in=\"o:0;\" data-out=\"a:false;\">\n\t\t\t\t\t\t\t<img src=\"\/\/www.myweedo.de\/gruene-seiten\/wp-content\/plugins\/revslider\/public\/assets\/assets\/dummy.png\" alt=\"Cannabissamen Holy Hemp\" title=\"Werbebanner-Weedo-HolyHemp\" width=\"1024\" height=\"495\" class=\"rev-slidebg tp-rs-img rs-lazyload\" data-lazyload=\"\/\/www.myweedo.de\/gruene-seiten\/wp-content\/uploads\/2017\/12\/Werbebanner-Weedo-HolyHemp.jpg\" data-parallax=\"off\" data-no-retina>\n<!---->\t\t\t\t\t\t<\/rs-slide>\n\t\t\t\t\t<\/rs-slides>\n\t\t\t\t<\/rs-module>\n\t\t\t\t<script type=\"text\/javascript\">\n\t\t\t\t\tsetREVStartSize({c: 'rev_slider_2_1',rl:[1240,1024,778,480],el:[600],gw:[1240],gh:[600],type:'standard',justify:'',layout:'fullwidth',mh:\"0\"});if (window.RS_MODULES!==undefined && window.RS_MODULES.modules!==undefined && window.RS_MODULES.modules[\"revslider21\"]!==undefined) {window.RS_MODULES.modules[\"revslider21\"].once = false;window.revapi2 = undefined;if (window.RS_MODULES.checkMinimal!==undefined) window.RS_MODULES.checkMinimal()}\n\t\t\t\t<\/script>\n\t\t\t<\/rs-module-wrap>\n\t\t\t<!-- END REVOLUTION SLIDER -->\n\r\n","protected":false},"excerpt":{"rendered":"<p>Wir suchen Dich! Dein Erfahrungsbericht auf myweedo.de So einfach werdet ihr Weedo-Gastautor: Ihr wolltet schon immer eure Erfahrung bez\u00fcglich Cannabis, Hanf und Superfood oder einfach eure Rezepte teilen? Dann habt ihr jetzt die M\u00f6glichkeit dazu! Eine langj\u00e4hrige Cannabis-Therapie, die pers\u00f6nliche Erfahrung mit CBD oder ein super leckeres Rezept \u2013 schickt uns eure Erfahrungsberichte! Was auch [&hellip;]<\/p>\n","protected":false},"author":24,"featured_media":0,"parent":0,"menu_order":0,"comment_status":"closed","ping_status":"closed","template":"","meta":[],"yoast_head":"<!-- This site is optimized with the Yoast SEO Premium plugin v19.7 (Yoast SEO v19.14) - https:\/\/yoast.com\/wordpress\/plugins\/seo\/ -->\n<title>Wir suchen Dich! Dein Erfahrungsbericht auf myweedo.de - Weedo<\/title>\n<meta name=\"description\" content=\"Werde jetzt Gastautor bei Weedo! Du wolltest schon immer deine Erfahrung bez\u00fcglich Cannabis teilen? \u2013 Dann Schick uns jetzt deinen Erfahrungsbericht!\" \/>\n<meta name=\"robots\" content=\"index, follow, max-snippet:-1, max-image-preview:large, max-video-preview:-1\" \/>\n<link rel=\"canonical\" href=\"https:\/\/www.myweedo.de\/gruene-seiten\/wir-suchen-dich-dein-erfahrungsbericht-auf-myweedo-de\/\" \/>\n<meta property=\"og:locale\" content=\"de_DE\" \/>\n<meta property=\"og:type\" content=\"article\" \/>\n<meta property=\"og:title\" content=\"Wir suchen dich! Dein Erfahrungsbericht auf myweedo.de\" \/>\n<meta property=\"og:description\" content=\"Werde jetzt Gastautor bei Weedo! Du wolltest schon immer deine Erfahrung bez\u00fcglich Cannabis teilen? \u2013 Dann Schick uns jetzt deinen Erfahrungsbericht!\" \/>\n<meta property=\"og:url\" content=\"https:\/\/www.myweedo.de\/gruene-seiten\/wir-suchen-dich-dein-erfahrungsbericht-auf-myweedo-de\/\" \/>\n<meta property=\"og:site_name\" content=\"Weedo\" \/>\n<meta property=\"article:publisher\" content=\"https:\/\/www.facebook.com\/myweedo\/\" \/>\n<meta property=\"article:modified_time\" content=\"2022-12-06T12:47:59+00:00\" \/>\n<meta property=\"og:image\" content=\"https:\/\/www.myweedo.de\/gruene-seiten\/wp-content\/uploads\/2019\/04\/facebook-wir-suchen-dich.jpg\" \/>\n\t<meta property=\"og:image:width\" content=\"1240\" \/>\n\t<meta property=\"og:image:height\" content=\"628\" \/>\n\t<meta property=\"og:image:type\" content=\"image\/jpeg\" \/>\n<meta name=\"twitter:card\" content=\"summary_large_image\" \/>\n<meta name=\"twitter:title\" content=\"Wir suchen Dich! Dein Erfahrungsbericht auf myweedo.de\" \/>\n<meta name=\"twitter:site\" content=\"@myweedo\" \/>\n<meta name=\"twitter:label1\" content=\"Gesch\u00e4tzte Lesezeit\" \/>\n\t<meta name=\"twitter:data1\" content=\"2\u00a0Minuten\" \/>\n<script type=\"application\/ld+json\" class=\"yoast-schema-graph\">{\"@context\":\"https:\/\/schema.org\",\"@graph\":[{\"@type\":\"WebPage\",\"@id\":\"https:\/\/www.myweedo.de\/gruene-seiten\/wir-suchen-dich-dein-erfahrungsbericht-auf-myweedo-de\/\",\"url\":\"https:\/\/www.myweedo.de\/gruene-seiten\/wir-suchen-dich-dein-erfahrungsbericht-auf-myweedo-de\/\",\"name\":\"Wir suchen Dich! Dein Erfahrungsbericht auf myweedo.de - Weedo\",\"isPartOf\":{\"@id\":\"https:\/\/www.myweedo.de\/gruene-seiten\/#website\"},\"datePublished\":\"2019-04-03T08:21:56+00:00\",\"dateModified\":\"2022-12-06T12:47:59+00:00\",\"description\":\"Werde jetzt Gastautor bei Weedo! Du wolltest schon immer deine Erfahrung bez\u00fcglich Cannabis teilen? \u2013 Dann Schick uns jetzt deinen Erfahrungsbericht!\",\"breadcrumb\":{\"@id\":\"https:\/\/www.myweedo.de\/gruene-seiten\/wir-suchen-dich-dein-erfahrungsbericht-auf-myweedo-de\/#breadcrumb\"},\"inLanguage\":\"de\",\"potentialAction\":[{\"@type\":\"ReadAction\",\"target\":[\"https:\/\/www.myweedo.de\/gruene-seiten\/wir-suchen-dich-dein-erfahrungsbericht-auf-myweedo-de\/\"]}]},{\"@type\":\"BreadcrumbList\",\"@id\":\"https:\/\/www.myweedo.de\/gruene-seiten\/wir-suchen-dich-dein-erfahrungsbericht-auf-myweedo-de\/#breadcrumb\",\"itemListElement\":[{\"@type\":\"ListItem\",\"position\":1,\"name\":\"Startseite\",\"item\":\"https:\/\/www.myweedo.de\/gruene-seiten\/\"},{\"@type\":\"ListItem\",\"position\":2,\"name\":\"Wir suchen Dich! Dein Erfahrungsbericht auf myweedo.de\"}]},{\"@type\":\"WebSite\",\"@id\":\"https:\/\/www.myweedo.de\/gruene-seiten\/#website\",\"url\":\"https:\/\/www.myweedo.de\/gruene-seiten\/\",\"name\":\"Weedo\",\"description\":\"Cannabis Lifestyle\",\"potentialAction\":[{\"@type\":\"SearchAction\",\"target\":{\"@type\":\"EntryPoint\",\"urlTemplate\":\"https:\/\/www.myweedo.de\/gruene-seiten\/?s={search_term_string}\"},\"query-input\":\"required name=search_term_string\"}],\"inLanguage\":\"de\"}]}<\/script>\n<!-- \/ Yoast SEO Premium plugin. -->","yoast_head_json":{"title":"Wir suchen Dich! Dein Erfahrungsbericht auf myweedo.de - Weedo","description":"Werde jetzt Gastautor bei Weedo! Du wolltest schon immer deine Erfahrung bez\u00fcglich Cannabis teilen? \u2013 Dann Schick uns jetzt deinen Erfahrungsbericht!","robots":{"index":"index","follow":"follow","max-snippet":"max-snippet:-1","max-image-preview":"max-image-preview:large","max-video-preview":"max-video-preview:-1"},"canonical":"https:\/\/www.myweedo.de\/gruene-seiten\/wir-suchen-dich-dein-erfahrungsbericht-auf-myweedo-de\/","og_locale":"de_DE","og_type":"article","og_title":"Wir suchen dich! Dein Erfahrungsbericht auf myweedo.de","og_description":"Werde jetzt Gastautor bei Weedo! Du wolltest schon immer deine Erfahrung bez\u00fcglich Cannabis teilen? \u2013 Dann Schick uns jetzt deinen Erfahrungsbericht!","og_url":"https:\/\/www.myweedo.de\/gruene-seiten\/wir-suchen-dich-dein-erfahrungsbericht-auf-myweedo-de\/","og_site_name":"Weedo","article_publisher":"https:\/\/www.facebook.com\/myweedo\/","article_modified_time":"2022-12-06T12:47:59+00:00","og_image":[{"width":1240,"height":628,"url":"https:\/\/www.myweedo.de\/gruene-seiten\/wp-content\/uploads\/2019\/04\/facebook-wir-suchen-dich.jpg","type":"image\/jpeg"}],"twitter_card":"summary_large_image","twitter_title":"Wir suchen Dich! Dein Erfahrungsbericht auf myweedo.de","twitter_site":"@myweedo","twitter_misc":{"Gesch\u00e4tzte Lesezeit":"2\u00a0Minuten"},"schema":{"@context":"https:\/\/schema.org","@graph":[{"@type":"WebPage","@id":"https:\/\/www.myweedo.de\/gruene-seiten\/wir-suchen-dich-dein-erfahrungsbericht-auf-myweedo-de\/","url":"https:\/\/www.myweedo.de\/gruene-seiten\/wir-suchen-dich-dein-erfahrungsbericht-auf-myweedo-de\/","name":"Wir suchen Dich! Dein Erfahrungsbericht auf myweedo.de - Weedo","isPartOf":{"@id":"https:\/\/www.myweedo.de\/gruene-seiten\/#website"},"datePublished":"2019-04-03T08:21:56+00:00","dateModified":"2022-12-06T12:47:59+00:00","description":"Werde jetzt Gastautor bei Weedo! Du wolltest schon immer deine Erfahrung bez\u00fcglich Cannabis teilen? \u2013 Dann Schick uns jetzt deinen Erfahrungsbericht!","breadcrumb":{"@id":"https:\/\/www.myweedo.de\/gruene-seiten\/wir-suchen-dich-dein-erfahrungsbericht-auf-myweedo-de\/#breadcrumb"},"inLanguage":"de","potentialAction":[{"@type":"ReadAction","target":["https:\/\/www.myweedo.de\/gruene-seiten\/wir-suchen-dich-dein-erfahrungsbericht-auf-myweedo-de\/"]}]},{"@type":"BreadcrumbList","@id":"https:\/\/www.myweedo.de\/gruene-seiten\/wir-suchen-dich-dein-erfahrungsbericht-auf-myweedo-de\/#breadcrumb","itemListElement":[{"@type":"ListItem","position":1,"name":"Startseite","item":"https:\/\/www.myweedo.de\/gruene-seiten\/"},{"@type":"ListItem","position":2,"name":"Wir suchen Dich! Dein Erfahrungsbericht auf myweedo.de"}]},{"@type":"WebSite","@id":"https:\/\/www.myweedo.de\/gruene-seiten\/#website","url":"https:\/\/www.myweedo.de\/gruene-seiten\/","name":"Weedo","description":"Cannabis Lifestyle","potentialAction":[{"@type":"SearchAction","target":{"@type":"EntryPoint","urlTemplate":"https:\/\/www.myweedo.de\/gruene-seiten\/?s={search_term_string}"},"query-input":"required name=search_term_string"}],"inLanguage":"de"}]}},"_links":{"self":[{"href":"https:\/\/www.myweedo.de\/gruene-seiten\/wp-json\/wp\/v2\/pages\/9099"}],"collection":[{"href":"https:\/\/www.myweedo.de\/gruene-seiten\/wp-json\/wp\/v2\/pages"}],"about":[{"href":"https:\/\/www.myweedo.de\/gruene-seiten\/wp-json\/wp\/v2\/types\/page"}],"author":[{"embeddable":true,"href":"https:\/\/www.myweedo.de\/gruene-seiten\/wp-json\/wp\/v2\/users\/24"}],"replies":[{"embeddable":true,"href":"https:\/\/www.myweedo.de\/gruene-seiten\/wp-json\/wp\/v2\/comments?post=9099"}],"version-history":[{"count":11,"href":"https:\/\/www.myweedo.de\/gruene-seiten\/wp-json\/wp\/v2\/pages\/9099\/revisions"}],"predecessor-version":[{"id":32411,"href":"https:\/\/www.myweedo.de\/gruene-seiten\/wp-json\/wp\/v2\/pages\/9099\/revisions\/32411"}],"wp:attachment":[{"href":"https:\/\/www.myweedo.de\/gruene-seiten\/wp-json\/wp\/v2\/media?parent=9099"}],"curies":[{"name":"wp","href":"https:\/\/api.w.org\/{rel}","templated":true}]}}